{"id":277,"date":"2021-02-06T21:01:13","date_gmt":"2021-02-06T21:01:13","guid":{"rendered":"https:\/\/megama.si\/?page_id=277"},"modified":"2021-02-07T19:12:44","modified_gmt":"2021-02-07T19:12:44","slug":"poslanstvo","status":"publish","type":"page","link":"https:\/\/megama.si\/en\/poslanstvo\/","title":{"rendered":"Mission"},"content":{"rendered":"<div class=\"wp-block-columns is-layout-flex wp-container-core-columns-is-layout-9d6595d7 wp-block-columns-is-layout-flex\">\n<div class=\"wp-block-column is-layout-flow wp-block-column-is-layout-flow\">\n<p>We are aware, that the major loss for the user is the inoperability or weak performance of product, component or facility, due to poor quality measures taken during fabrication. Therefore, by offering our services, we strive to ensure that your products and facilities will operate safely and reliable serve to their purpose for a long time.<\/p>\n<\/div>\n\n\n\n<div class=\"wp-block-column is-layout-flow wp-block-column-is-layout-flow\">\n<figure class=\"wp-block-image size-large\"><img loading=\"lazy\" decoding=\"async\" width=\"1024\" height=\"1024\" src=\"https:\/\/megama.si\/wp-content\/uploads\/2021\/02\/O-NAS-1-edited-1024x1024.jpg\" alt=\"\" class=\"wp-image-385\" srcset=\"https:\/\/megama.si\/wp-content\/uploads\/2021\/02\/O-NAS-1-edited-1024x1024.jpg 1024w, https:\/\/megama.si\/wp-content\/uploads\/2021\/02\/O-NAS-1-edited-300x300.jpg 300w, https:\/\/megama.si\/wp-content\/uploads\/2021\/02\/O-NAS-1-edited-150x150.jpg 150w, https:\/\/megama.si\/wp-content\/uploads\/2021\/02\/O-NAS-1-edited-768x767.jpg 768w, https:\/\/megama.si\/wp-content\/uploads\/2021\/02\/O-NAS-1-edited-1536x1536.jpg 1536w, https:\/\/megama.si\/wp-content\/uploads\/2021\/02\/O-NAS-1-edited-2048x2046.jpg 2048w, https:\/\/megama.si\/wp-content\/uploads\/2021\/02\/O-NAS-1-edited-12x12.jpg 12w\" sizes=\"auto, (max-width: 1024px) 100vw, 1024px\" \/><\/figure>\n<\/div>\n<\/div>","protected":false},"excerpt":{"rendered":"<p>Zavedamo se, da je najve\u010dja izguba za uporabnika, \u010de zaradi nekvalitetne izvedbe pride do te\u017eav pri uporabi ali obratovanju izdelkov, komponent ali objektov. Zato si&hellip;<\/p>","protected":false},"author":1,"featured_media":0,"parent":0,"menu_order":0,"comment_status":"closed","ping_status":"closed","template":"","meta":{"footnotes":""},"class_list":["post-277","page","type-page","status-publish","hentry"],"_links":{"self":[{"href":"https:\/\/megama.si\/en\/wp-json\/wp\/v2\/pages\/277","targetHints":{"allow":["GET"]}}],"collection":[{"href":"https:\/\/megama.si\/en\/wp-json\/wp\/v2\/pages"}],"about":[{"href":"https:\/\/megama.si\/en\/wp-json\/wp\/v2\/types\/page"}],"author":[{"embeddable":true,"href":"https:\/\/megama.si\/en\/wp-json\/wp\/v2\/users\/1"}],"replies":[{"embeddable":true,"href":"https:\/\/megama.si\/en\/wp-json\/wp\/v2\/comments?post=277"}],"version-history":[{"count":4,"href":"https:\/\/megama.si\/en\/wp-json\/wp\/v2\/pages\/277\/revisions"}],"predecessor-version":[{"id":389,"href":"https:\/\/megama.si\/en\/wp-json\/wp\/v2\/pages\/277\/revisions\/389"}],"wp:attachment":[{"href":"https:\/\/megama.si\/en\/wp-json\/wp\/v2\/media?parent=277"}],"curies":[{"name":"wp","href":"https:\/\/api.w.org\/{rel}","templated":true}]}}