{"id":282,"date":"2021-02-06T21:07:28","date_gmt":"2021-02-06T21:07:28","guid":{"rendered":"https:\/\/megama.si\/?page_id=282"},"modified":"2025-01-29T22:27:49","modified_gmt":"2025-01-29T22:27:49","slug":"osebje","status":"publish","type":"page","link":"https:\/\/megama.si\/en\/osebje\/","title":{"rendered":"Personnel"},"content":{"rendered":"<div class=\"wp-block-columns is-layout-flex wp-container-core-columns-is-layout-9d6595d7 wp-block-columns-is-layout-flex\">\n<div class=\"wp-block-column is-layout-flow wp-block-column-is-layout-flow\">\n<p>We are ensuring professional performing of our services with suitably qualified and experienced personnel in the field of non-destructive testing and welding expertise.<\/p>\n\n\n\n<p>Our personnel is qualified according to the international IIW\/EWF scheme, as IWE (International Welding Engineer), EWT (International Welding Technologist), and IWI-C (International Welding Inspector).<\/p>\n\n\n\n<p>Personnel is also qualified and certified in accordance with international standards and recommendations in the field of non-destructive testing, such as: EN ISO 9712, ANSI\/ASNT CP-189, SNT-TC-1A and internal procedures.\nPersonnel have following certificates:<\/p>\n<\/div>\n\n\n\n<div class=\"wp-block-column is-layout-flow wp-block-column-is-layout-flow\">\n<figure class=\"wp-block-image size-medium\"><img loading=\"lazy\" decoding=\"async\" width=\"300\" height=\"242\" src=\"https:\/\/megama.si\/wp-content\/uploads\/2021\/02\/SVETOVANJE-1-300x242.jpg\" alt=\"\" class=\"wp-image-258\" srcset=\"https:\/\/megama.si\/wp-content\/uploads\/2021\/02\/SVETOVANJE-1-300x242.jpg 300w, https:\/\/megama.si\/wp-content\/uploads\/2021\/02\/SVETOVANJE-1-1024x827.jpg 1024w, https:\/\/megama.si\/wp-content\/uploads\/2021\/02\/SVETOVANJE-1-768x620.jpg 768w, https:\/\/megama.si\/wp-content\/uploads\/2021\/02\/SVETOVANJE-1-1536x1241.jpg 1536w, https:\/\/megama.si\/wp-content\/uploads\/2021\/02\/SVETOVANJE-1-2048x1655.jpg 2048w, https:\/\/megama.si\/wp-content\/uploads\/2021\/02\/SVETOVANJE-1-16x12.jpg 16w\" sizes=\"auto, (max-width: 300px) 100vw, 300px\" \/><\/figure>\n<\/div>\n<\/div>\n\n\n\n<ul class=\"wp-block-list\">\n<li>EN ISO 9712: VT Level 2, PT Level 3, MT Level 3, UT Level 3, RT Level 3<\/li>\n\n\n\n<li>SNT-TC-1A\/CP-189: VT Level III, PT Level III, MT Level III, UT Level III, RT Level III<\/li>\n\n\n\n<li>ASNT NDT Level III Program: VT Level III, UT Level III<\/li>\n\n\n\n<li>ASME Sec. XI, App. VIII: PDI-UT-1, PDI-UT-2 w IGSCC, PDI-UT-3, PDI-UT-5<\/li>\n\n\n\n<li>Qualifications for UT techniques TOFD (Time of Flight Diffraction) in PAUT (Phased Array UT)<\/li>\n<\/ul>","protected":false},"excerpt":{"rendered":"<p>Zagotavljamo strokovno izvedbo storitev z ustrezno usposobljenim in izku\u0161enim kadrom na podro\u010dju neporu\u0161itvenega presku\u0161anja in varilne stroke. Na\u0161e osebje je kvalificirano v skladu z mednarodno&hellip;<\/p>","protected":false},"author":1,"featured_media":0,"parent":0,"menu_order":0,"comment_status":"closed","ping_status":"closed","template":"","meta":{"footnotes":""},"class_list":["post-282","page","type-page","status-publish","hentry"],"_links":{"self":[{"href":"https:\/\/megama.si\/en\/wp-json\/wp\/v2\/pages\/282","targetHints":{"allow":["GET"]}}],"collection":[{"href":"https:\/\/megama.si\/en\/wp-json\/wp\/v2\/pages"}],"about":[{"href":"https:\/\/megama.si\/en\/wp-json\/wp\/v2\/types\/page"}],"author":[{"embeddable":true,"href":"https:\/\/megama.si\/en\/wp-json\/wp\/v2\/users\/1"}],"replies":[{"embeddable":true,"href":"https:\/\/megama.si\/en\/wp-json\/wp\/v2\/comments?post=282"}],"version-history":[{"count":8,"href":"https:\/\/megama.si\/en\/wp-json\/wp\/v2\/pages\/282\/revisions"}],"predecessor-version":[{"id":506,"href":"https:\/\/megama.si\/en\/wp-json\/wp\/v2\/pages\/282\/revisions\/506"}],"wp:attachment":[{"href":"https:\/\/megama.si\/en\/wp-json\/wp\/v2\/media?parent=282"}],"curies":[{"name":"wp","href":"https:\/\/api.w.org\/{rel}","templated":true}]}}