{"id":295,"date":"2021-02-06T21:16:25","date_gmt":"2021-02-06T21:16:25","guid":{"rendered":"https:\/\/megama.si\/?page_id=295"},"modified":"2021-02-07T19:25:39","modified_gmt":"2021-02-07T19:25:39","slug":"kontrola-in-zagotavljanje-kakovosti","status":"publish","type":"page","link":"https:\/\/megama.si\/en\/kontrola-in-zagotavljanje-kakovosti\/","title":{"rendered":"Quality assurance and quality control"},"content":{"rendered":"<ul class=\"wp-block-list\"><li>Preparing the fabrication documentation based on project requirements in the field of welding and examination (Inspection plans, welding plans)<\/li><li>Oversight, inspection and surveying the activities during production \/ fabrication \/ assembly in the sight of quality control<\/li><li>Preparation of welding documentation<\/li><li>Preparation of final documentation for the final customer (final package)<\/li><\/ul>\n\n\n\n<div class=\"wp-block-columns is-layout-flex wp-container-core-columns-is-layout-9d6595d7 wp-block-columns-is-layout-flex\">\n<div class=\"wp-block-column is-layout-flow wp-block-column-is-layout-flow\" style=\"flex-basis:50%\">\n<figure class=\"wp-block-gallery columns-2 is-cropped wp-block-gallery-1 is-layout-flex wp-block-gallery-is-layout-flex\"><ul class=\"blocks-gallery-grid\"><li class=\"blocks-gallery-item\"><figure><img loading=\"lazy\" decoding=\"async\" width=\"169\" height=\"300\" src=\"https:\/\/megama.si\/wp-content\/uploads\/2021\/02\/QCQA-1-169x300.jpg\" alt=\"\" data-id=\"254\" data-full-url=\"https:\/\/megama.si\/wp-content\/uploads\/2021\/02\/QCQA-1-scaled.jpg\" data-link=\"https:\/\/megama.si\/domov\/qcqa-1\/\" class=\"wp-image-254\" srcset=\"https:\/\/megama.si\/wp-content\/uploads\/2021\/02\/QCQA-1-169x300.jpg 169w, https:\/\/megama.si\/wp-content\/uploads\/2021\/02\/QCQA-1-576x1024.jpg 576w, https:\/\/megama.si\/wp-content\/uploads\/2021\/02\/QCQA-1-768x1365.jpg 768w, https:\/\/megama.si\/wp-content\/uploads\/2021\/02\/QCQA-1-864x1536.jpg 864w, https:\/\/megama.si\/wp-content\/uploads\/2021\/02\/QCQA-1-1152x2048.jpg 1152w, https:\/\/megama.si\/wp-content\/uploads\/2021\/02\/QCQA-1-7x12.jpg 7w, https:\/\/megama.si\/wp-content\/uploads\/2021\/02\/QCQA-1-scaled.jpg 1440w\" sizes=\"auto, (max-width: 169px) 100vw, 169px\" \/><\/figure><\/li><li class=\"blocks-gallery-item\"><figure><img loading=\"lazy\" decoding=\"async\" width=\"300\" height=\"200\" src=\"https:\/\/megama.si\/wp-content\/uploads\/2021\/02\/QCQA-3-300x200.jpg\" alt=\"\" data-id=\"255\" data-full-url=\"https:\/\/megama.si\/wp-content\/uploads\/2021\/02\/QCQA-3-scaled.jpg\" data-link=\"https:\/\/megama.si\/domov\/qcqa-3\/\" class=\"wp-image-255\" srcset=\"https:\/\/megama.si\/wp-content\/uploads\/2021\/02\/QCQA-3-300x200.jpg 300w, https:\/\/megama.si\/wp-content\/uploads\/2021\/02\/QCQA-3-1024x683.jpg 1024w, https:\/\/megama.si\/wp-content\/uploads\/2021\/02\/QCQA-3-768x513.jpg 768w, https:\/\/megama.si\/wp-content\/uploads\/2021\/02\/QCQA-3-1536x1025.jpg 1536w, https:\/\/megama.si\/wp-content\/uploads\/2021\/02\/QCQA-3-2048x1367.jpg 2048w, https:\/\/megama.si\/wp-content\/uploads\/2021\/02\/QCQA-3-16x12.jpg 16w\" sizes=\"auto, (max-width: 300px) 100vw, 300px\" \/><\/figure><\/li><li class=\"blocks-gallery-item\"><figure><img loading=\"lazy\" decoding=\"async\" width=\"300\" height=\"199\" src=\"https:\/\/megama.si\/wp-content\/uploads\/2021\/02\/QCQA2-300x199.jpg\" alt=\"\" data-id=\"256\" data-full-url=\"https:\/\/megama.si\/wp-content\/uploads\/2021\/02\/QCQA2-scaled.jpg\" data-link=\"https:\/\/megama.si\/domov\/qcqa2\/\" class=\"wp-image-256\" srcset=\"https:\/\/megama.si\/wp-content\/uploads\/2021\/02\/QCQA2-300x199.jpg 300w, https:\/\/megama.si\/wp-content\/uploads\/2021\/02\/QCQA2-1024x678.jpg 1024w, https:\/\/megama.si\/wp-content\/uploads\/2021\/02\/QCQA2-768x509.jpg 768w, https:\/\/megama.si\/wp-content\/uploads\/2021\/02\/QCQA2-1536x1017.jpg 1536w, https:\/\/megama.si\/wp-content\/uploads\/2021\/02\/QCQA2-2048x1356.jpg 2048w, https:\/\/megama.si\/wp-content\/uploads\/2021\/02\/QCQA2-16x12.jpg 16w\" sizes=\"auto, (max-width: 300px) 100vw, 300px\" \/><\/figure><\/li><li class=\"blocks-gallery-item\"><figure><img loading=\"lazy\" decoding=\"async\" width=\"300\" height=\"300\" src=\"https:\/\/megama.si\/wp-content\/uploads\/2021\/02\/QCQA-copy-300x300.png\" alt=\"\" data-id=\"332\" data-full-url=\"https:\/\/megama.si\/wp-content\/uploads\/2021\/02\/QCQA-copy.png\" data-link=\"https:\/\/megama.si\/domov\/qcqa-copy\/\" class=\"wp-image-332\" srcset=\"https:\/\/megama.si\/wp-content\/uploads\/2021\/02\/QCQA-copy-300x300.png 300w, https:\/\/megama.si\/wp-content\/uploads\/2021\/02\/QCQA-copy-150x150.png 150w, https:\/\/megama.si\/wp-content\/uploads\/2021\/02\/QCQA-copy-768x768.png 768w, https:\/\/megama.si\/wp-content\/uploads\/2021\/02\/QCQA-copy-12x12.png 12w, https:\/\/megama.si\/wp-content\/uploads\/2021\/02\/QCQA-copy.png 800w\" sizes=\"auto, (max-width: 300px) 100vw, 300px\" \/><\/figure><\/li><\/ul><\/figure>\n<\/div>\n\n\n\n<div class=\"wp-block-column is-layout-flow wp-block-column-is-layout-flow\" style=\"flex-basis:25%\"><\/div>\n\n\n\n<div class=\"wp-block-column is-layout-flow wp-block-column-is-layout-flow\" style=\"flex-basis:25%\"><\/div>\n<\/div>","protected":false},"excerpt":{"rendered":"<p>Priprava izvedbene dokumentacije glede na zahteve projektne dokumentacije za podro\u010dje varjenja in presku\u0161anja Spremljanje aktivnosti v proizvodnji, sestavi in monta\u017ei kot kontrola oz. nadzor kakovosti&hellip;<\/p>","protected":false},"author":1,"featured_media":0,"parent":0,"menu_order":0,"comment_status":"closed","ping_status":"closed","template":"","meta":{"footnotes":""},"class_list":["post-295","page","type-page","status-publish","hentry"],"_links":{"self":[{"href":"https:\/\/megama.si\/en\/wp-json\/wp\/v2\/pages\/295","targetHints":{"allow":["GET"]}}],"collection":[{"href":"https:\/\/megama.si\/en\/wp-json\/wp\/v2\/pages"}],"about":[{"href":"https:\/\/megama.si\/en\/wp-json\/wp\/v2\/types\/page"}],"author":[{"embeddable":true,"href":"https:\/\/megama.si\/en\/wp-json\/wp\/v2\/users\/1"}],"replies":[{"embeddable":true,"href":"https:\/\/megama.si\/en\/wp-json\/wp\/v2\/comments?post=295"}],"version-history":[{"count":4,"href":"https:\/\/megama.si\/en\/wp-json\/wp\/v2\/pages\/295\/revisions"}],"predecessor-version":[{"id":400,"href":"https:\/\/megama.si\/en\/wp-json\/wp\/v2\/pages\/295\/revisions\/400"}],"wp:attachment":[{"href":"https:\/\/megama.si\/en\/wp-json\/wp\/v2\/media?parent=295"}],"curies":[{"name":"wp","href":"https:\/\/api.w.org\/{rel}","templated":true}]}}