{"id":63,"date":"2021-01-24T19:49:47","date_gmt":"2021-01-24T19:49:47","guid":{"rendered":"http:\/\/megama.si\/?page_id=63"},"modified":"2021-02-07T14:50:21","modified_gmt":"2021-02-07T14:50:21","slug":"o-nas","status":"publish","type":"page","link":"https:\/\/megama.si\/en\/o-nas\/","title":{"rendered":"About us"},"content":{"rendered":"<p class=\"has-text-align-left has-normal-font-size\"><\/p>\n\n\n\n<div class=\"wp-block-columns is-layout-flex wp-container-core-columns-is-layout-9d6595d7 wp-block-columns-is-layout-flex\">\n<div class=\"wp-block-column is-layout-flow wp-block-column-is-layout-flow\">\n<p>We are reliable partner which offers services in the field of NDT examination of materials and products and in the field of quality assurance \/ quality control within the manufacturing of mechanical components and welding. Further we can provide you professional technical consulting services in the field of quality, NDT and welding. Our presence is recognized in various industrial sectors, such as power industry, pharmacy, nuclear energetics, steel structures, pressure equipment, as well as in general mechanical engineering and in civil engineering.\nThese services are taking place in various stages of production process, from semifinished raw products to the final product, as well as at the products and facilities in-service.<\/p>\n<\/div>\n\n\n\n<div class=\"wp-block-column is-layout-flow wp-block-column-is-layout-flow\">\n<figure class=\"wp-block-image alignwide size-large\"><img loading=\"lazy\" decoding=\"async\" width=\"1024\" height=\"764\" src=\"https:\/\/megama.si\/wp-content\/uploads\/2021\/02\/O-NAS-2-1024x764.jpg\" alt=\"\" class=\"wp-image-251\" srcset=\"https:\/\/megama.si\/wp-content\/uploads\/2021\/02\/O-NAS-2-1024x764.jpg 1024w, https:\/\/megama.si\/wp-content\/uploads\/2021\/02\/O-NAS-2-300x224.jpg 300w, https:\/\/megama.si\/wp-content\/uploads\/2021\/02\/O-NAS-2-768x573.jpg 768w, https:\/\/megama.si\/wp-content\/uploads\/2021\/02\/O-NAS-2-1536x1146.jpg 1536w, https:\/\/megama.si\/wp-content\/uploads\/2021\/02\/O-NAS-2-16x12.jpg 16w, https:\/\/megama.si\/wp-content\/uploads\/2021\/02\/O-NAS-2.jpg 1920w\" sizes=\"auto, (max-width: 1024px) 100vw, 1024px\" \/><\/figure>\n<\/div>\n<\/div>","protected":false},"excerpt":{"rendered":"<p>Smo zanesljiv partner, ki ponuja storitve na podro\u010djih NDT presku\u0161anja materialov, zagotavljanju kakovosti pri izdelavi strojnih komponent in varjenju ter tehni\u010dnem svetovanju na podro\u010djih kakovosti,&hellip;<\/p>","protected":false},"author":1,"featured_media":0,"parent":0,"menu_order":0,"comment_status":"closed","ping_status":"closed","template":"","meta":{"footnotes":""},"class_list":["post-63","page","type-page","status-publish","hentry"],"_links":{"self":[{"href":"https:\/\/megama.si\/en\/wp-json\/wp\/v2\/pages\/63","targetHints":{"allow":["GET"]}}],"collection":[{"href":"https:\/\/megama.si\/en\/wp-json\/wp\/v2\/pages"}],"about":[{"href":"https:\/\/megama.si\/en\/wp-json\/wp\/v2\/types\/page"}],"author":[{"embeddable":true,"href":"https:\/\/megama.si\/en\/wp-json\/wp\/v2\/users\/1"}],"replies":[{"embeddable":true,"href":"https:\/\/megama.si\/en\/wp-json\/wp\/v2\/comments?post=63"}],"version-history":[{"count":13,"href":"https:\/\/megama.si\/en\/wp-json\/wp\/v2\/pages\/63\/revisions"}],"predecessor-version":[{"id":378,"href":"https:\/\/megama.si\/en\/wp-json\/wp\/v2\/pages\/63\/revisions\/378"}],"wp:attachment":[{"href":"https:\/\/megama.si\/en\/wp-json\/wp\/v2\/media?parent=63"}],"curies":[{"name":"wp","href":"https:\/\/api.w.org\/{rel}","templated":true}]}}