{"id":66,"date":"2021-01-24T19:49:47","date_gmt":"2021-01-24T19:49:47","guid":{"rendered":"http:\/\/megama.si\/?page_id=66"},"modified":"2025-01-29T22:52:55","modified_gmt":"2025-01-29T22:52:55","slug":"kontakti","status":"publish","type":"page","link":"https:\/\/megama.si\/en\/kontakti\/","title":{"rendered":"Contacts"},"content":{"rendered":"\n<p>MEGAMA, NDT presku\u0161anje, nadzori in svetovanje d.o.o.<br>Cesta kr\u0161kih \u017ertev 44<br>8270 Kr\u0161ko<\/p>\n\n\n\n<p><\/p>\n\n\n\n<div class=\"wp-block-columns is-layout-flex wp-container-core-columns-is-layout-9d6595d7 wp-block-columns-is-layout-flex\">\n<div class=\"wp-block-column is-layout-flow wp-block-column-is-layout-flow\">\n<figure class=\"wp-block-image size-large is-resized is-style-rounded\"><img loading=\"lazy\" decoding=\"async\" width=\"359\" height=\"357\" src=\"https:\/\/megama.si\/wp-content\/uploads\/2021\/02\/Rok-Topolnik-slika.jpeg\" alt=\"\" class=\"wp-image-263\" style=\"aspect-ratio:1.006060606060606;width:156px;height:auto\" srcset=\"https:\/\/megama.si\/wp-content\/uploads\/2021\/02\/Rok-Topolnik-slika.jpeg 359w, https:\/\/megama.si\/wp-content\/uploads\/2021\/02\/Rok-Topolnik-slika-300x298.jpeg 300w, https:\/\/megama.si\/wp-content\/uploads\/2021\/02\/Rok-Topolnik-slika-150x150.jpeg 150w, https:\/\/megama.si\/wp-content\/uploads\/2021\/02\/Rok-Topolnik-slika-12x12.jpeg 12w\" sizes=\"auto, (max-width: 359px) 100vw, 359px\" \/><\/figure>\n\n\n\n<p>Direktor<\/p>\n\n\n\n<p>Rok Topolnik<\/p>\n\n\n\n<p><a href=\"mailto:rok.topolnik@megama.si\">rok.topolnik@megama.si<\/a><\/p>\n\n\n\n<p><\/p>\n<\/div>\n\n\n\n<div class=\"wp-block-column is-layout-flow wp-block-column-is-layout-flow\">\n<figure class=\"wp-block-image size-full is-resized is-style-rounded\"><img loading=\"lazy\" decoding=\"async\" width=\"778\" height=\"1000\" src=\"https:\/\/megama.si\/wp-content\/uploads\/2023\/01\/1901202301-pomanjsana-kvaliteta-1.jpg\" alt=\"\" class=\"wp-image-496\" style=\"aspect-ratio:0.7758620689655172;width:123px;height:auto\" srcset=\"https:\/\/megama.si\/wp-content\/uploads\/2023\/01\/1901202301-pomanjsana-kvaliteta-1.jpg 778w, https:\/\/megama.si\/wp-content\/uploads\/2023\/01\/1901202301-pomanjsana-kvaliteta-1-233x300.jpg 233w, https:\/\/megama.si\/wp-content\/uploads\/2023\/01\/1901202301-pomanjsana-kvaliteta-1-768x987.jpg 768w, https:\/\/megama.si\/wp-content\/uploads\/2023\/01\/1901202301-pomanjsana-kvaliteta-1-9x12.jpg 9w\" sizes=\"auto, (max-width: 778px) 100vw, 778px\" \/><\/figure>\n\n\n\n<p>Vodja kakovosti<\/p>\n\n\n\n<p>Peter Stopin\u0161ek<\/p>\n\n\n\n<p>info@megama.si<\/p>\n\n\n\n<p><\/p>\n<\/div>\n<\/div>\n\n\n\n<p>\u010ce i\u0161\u010dete dodatne informacije, nas lahko enostavno kontaktirate tudi preko spodnjega obrazca ali telefonske \u0161tevilke<\/p>\n\n\n\n<p><strong>+386 31 694 806<\/strong><\/p>\n\n\n\n<p>Veseli  bomo va\u0161ih vpra\u0161anj. <\/p>\n\n\n<div class=\"wpforms-container wpforms-container-full wpforms-block wpforms-block-8da7e11e-de94-4073-841b-d5d021ba5397\" id=\"wpforms-96\"><form id=\"wpforms-form-96\" class=\"wpforms-validate wpforms-form\" data-formid=\"96\" method=\"post\" enctype=\"multipart\/form-data\" action=\"\/en\/wp-json\/wp\/v2\/pages\/66\" data-token=\"8f5319765d4a2a48fd90bf0442c67bec\" data-token-time=\"1776489609\"><noscript class=\"wpforms-error-noscript\">Please enable JavaScript in your browser to complete this form.<\/noscript><div class=\"wpforms-field-container\"><div id=\"wpforms-96-field_0-container\" class=\"wpforms-field wpforms-field-name\" data-field-id=\"0\"><label class=\"wpforms-field-label\" for=\"wpforms-96-field_0\">Ime in priimek <span class=\"wpforms-required-label\">*<\/span><\/label><input type=\"text\" id=\"wpforms-96-field_0\" class=\"wpforms-field-medium wpforms-field-required\" name=\"wpforms[fields][0]\" required><\/div><div id=\"wpforms-96-field_1-container\" class=\"wpforms-field wpforms-field-email\" data-field-id=\"1\"><label class=\"wpforms-field-label\" for=\"wpforms-96-field_1\">Va\u0161 e-po\u0161tni naslov <span class=\"wpforms-required-label\">*<\/span><\/label><input type=\"email\" id=\"wpforms-96-field_1\" class=\"wpforms-field-medium wpforms-field-required\" name=\"wpforms[fields][1]\" spellcheck=\"false\" required><\/div><div id=\"wpforms-96-field_2-container\" class=\"wpforms-field wpforms-field-textarea\" data-field-id=\"2\"><label class=\"wpforms-field-label\" for=\"wpforms-96-field_2\">Vnesite vpra\u0161anje ali sporo\u010dilo <span class=\"wpforms-required-label\">*<\/span><\/label><textarea id=\"wpforms-96-field_2\" class=\"wpforms-field-medium wpforms-field-required\" name=\"wpforms[fields][2]\" required><\/textarea><\/div><\/div><!-- .wpforms-field-container --><div class=\"wpforms-submit-container\" ><input type=\"hidden\" name=\"wpforms[id]\" value=\"96\"><input type=\"hidden\" name=\"page_title\" value=\"\"><input type=\"hidden\" name=\"page_url\" value=\"https:\/\/megama.si\/en\/wp-json\/wp\/v2\/pages\/66\"><input type=\"hidden\" name=\"url_referer\" value=\"\"><button type=\"submit\" name=\"wpforms[submit]\" id=\"wpforms-submit-96\" class=\"wpforms-submit\" data-alt-text=\"Po\u0161iljam...\" data-submit-text=\"Po\u0161lji\" aria-live=\"assertive\" value=\"wpforms-submit\">Po\u0161lji<\/button><\/div><\/form><\/div>  <!-- .wpforms-container -->","protected":false},"excerpt":{"rendered":"<p>MEGAMA, NDT presku\u0161anje, nadzori in svetovanje d.o.o.Cesta kr\u0161kih \u017ertev 448270 Kr\u0161ko Direktor Rok Topolnik rok.topolnik@megama.si Vodja kakovosti Peter Stopin\u0161ek info@megama.si \u010ce i\u0161\u010dete dodatne informacije, nas&hellip;<\/p>","protected":false},"author":1,"featured_media":0,"parent":0,"menu_order":0,"comment_status":"closed","ping_status":"closed","template":"","meta":{"footnotes":""},"class_list":["post-66","page","type-page","status-publish","hentry"],"_links":{"self":[{"href":"https:\/\/megama.si\/en\/wp-json\/wp\/v2\/pages\/66","targetHints":{"allow":["GET"]}}],"collection":[{"href":"https:\/\/megama.si\/en\/wp-json\/wp\/v2\/pages"}],"about":[{"href":"https:\/\/megama.si\/en\/wp-json\/wp\/v2\/types\/page"}],"author":[{"embeddable":true,"href":"https:\/\/megama.si\/en\/wp-json\/wp\/v2\/users\/1"}],"replies":[{"embeddable":true,"href":"https:\/\/megama.si\/en\/wp-json\/wp\/v2\/comments?post=66"}],"version-history":[{"count":22,"href":"https:\/\/megama.si\/en\/wp-json\/wp\/v2\/pages\/66\/revisions"}],"predecessor-version":[{"id":514,"href":"https:\/\/megama.si\/en\/wp-json\/wp\/v2\/pages\/66\/revisions\/514"}],"wp:attachment":[{"href":"https:\/\/megama.si\/en\/wp-json\/wp\/v2\/media?parent=66"}],"curies":[{"name":"wp","href":"https:\/\/api.w.org\/{rel}","templated":true}]}}